{"id":2318,"date":"2023-04-27T16:39:07","date_gmt":"2023-04-27T14:39:07","guid":{"rendered":"https:\/\/yesconnect.it\/sobre-nosotros\/"},"modified":"2025-01-29T12:28:43","modified_gmt":"2025-01-29T11:28:43","slug":"sobre-nosotros","status":"publish","type":"page","link":"https:\/\/yesconnect.it\/es\/sobre-nosotros\/","title":{"rendered":"Sobre nosotros"},"content":{"rendered":"\t\t<div data-elementor-type=\"wp-page\" data-elementor-id=\"2318\" class=\"elementor elementor-2318 elementor-1448\" data-elementor-post-type=\"page\">\n\t\t\t\t\t\t<section data-particle_enable=\"false\" data-particle-mobile-disabled=\"false\" class=\"elementor-section elementor-top-section elementor-element elementor-element-7aaa4f5 elementor-section-boxed elementor-section-height-default elementor-section-height-default\" data-id=\"7aaa4f5\" data-element_type=\"section\">\n\t\t\t\t\t\t<div class=\"elementor-container elementor-column-gap-default\">\n\t\t\t\t\t<div class=\"elementor-column elementor-col-100 elementor-top-column elementor-element elementor-element-89aeac9\" data-id=\"89aeac9\" data-element_type=\"column\">\n\t\t\t<div class=\"elementor-widget-wrap elementor-element-populated\">\n\t\t\t\t\t\t<div class=\"elementor-element elementor-element-c641786 elementor-widget elementor-widget-heading\" data-id=\"c641786\" data-element_type=\"widget\" data-widget_type=\"heading.default\">\n\t\t\t\t<div class=\"elementor-widget-container\">\n\t\t\t\t\t<h2 class=\"elementor-heading-title elementor-size-default\">Sobre Nosotros<\/h2>\t\t\t\t<\/div>\n\t\t\t\t<\/div>\n\t\t\t\t\t<\/div>\n\t\t<\/div>\n\t\t\t\t\t<\/div>\n\t\t<\/section>\n\t\t\t\t<section data-particle_enable=\"false\" data-particle-mobile-disabled=\"false\" class=\"elementor-section elementor-top-section elementor-element elementor-element-6a53e54 elementor-section-boxed elementor-section-height-default elementor-section-height-default\" data-id=\"6a53e54\" data-element_type=\"section\">\n\t\t\t\t\t\t<div class=\"elementor-container elementor-column-gap-default\">\n\t\t\t\t\t<div class=\"elementor-column elementor-col-100 elementor-top-column elementor-element elementor-element-aa539f9\" data-id=\"aa539f9\" data-element_type=\"column\">\n\t\t\t<div class=\"elementor-widget-wrap elementor-element-populated\">\n\t\t\t\t\t\t<div class=\"elementor-element elementor-element-e222644 elementor-align-center elementor-widget elementor-widget-lottie\" data-id=\"e222644\" data-element_type=\"widget\" data-settings=\"{&quot;source_json&quot;:{&quot;url&quot;:&quot;https:\\\/\\\/yesconnect.it\\\/wp-content\\\/uploads\\\/2022\\\/05\\\/animazione1.json&quot;,&quot;id&quot;:577,&quot;size&quot;:&quot;&quot;,&quot;alt&quot;:&quot;&quot;,&quot;source&quot;:&quot;library&quot;},&quot;loop&quot;:&quot;yes&quot;,&quot;number_of_times&quot;:100,&quot;end_point&quot;:{&quot;unit&quot;:&quot;%&quot;,&quot;size&quot;:100,&quot;sizes&quot;:[]},&quot;source&quot;:&quot;media_file&quot;,&quot;caption_source&quot;:&quot;none&quot;,&quot;link_to&quot;:&quot;none&quot;,&quot;trigger&quot;:&quot;arriving_to_viewport&quot;,&quot;viewport&quot;:{&quot;unit&quot;:&quot;%&quot;,&quot;size&quot;:&quot;&quot;,&quot;sizes&quot;:{&quot;start&quot;:0,&quot;end&quot;:100}},&quot;play_speed&quot;:{&quot;unit&quot;:&quot;px&quot;,&quot;size&quot;:1,&quot;sizes&quot;:[]},&quot;start_point&quot;:{&quot;unit&quot;:&quot;%&quot;,&quot;size&quot;:0,&quot;sizes&quot;:[]},&quot;renderer&quot;:&quot;svg&quot;}\" data-widget_type=\"lottie.default\">\n\t\t\t\t<div class=\"elementor-widget-container\">\n\t\t\t\t\t<div class=\"e-lottie__container\"><div class=\"e-lottie__animation\"><\/div><\/div>\t\t\t\t<\/div>\n\t\t\t\t<\/div>\n\t\t\t\t\t<\/div>\n\t\t<\/div>\n\t\t\t\t\t<\/div>\n\t\t<\/section>\n\t\t\t\t<section data-particle_enable=\"false\" data-particle-mobile-disabled=\"false\" class=\"elementor-section elementor-top-section elementor-element elementor-element-a044419 elementor-section-boxed elementor-section-height-default elementor-section-height-default\" data-id=\"a044419\" data-element_type=\"section\">\n\t\t\t\t\t\t<div class=\"elementor-container elementor-column-gap-default\">\n\t\t\t\t\t<div class=\"elementor-column elementor-col-100 elementor-top-column elementor-element elementor-element-f6b621b\" data-id=\"f6b621b\" data-element_type=\"column\">\n\t\t\t<div class=\"elementor-widget-wrap elementor-element-populated\">\n\t\t\t\t\t\t<section data-particle_enable=\"false\" data-particle-mobile-disabled=\"false\" class=\"elementor-section elementor-inner-section elementor-element elementor-element-2cc230f elementor-section-boxed elementor-section-height-default elementor-section-height-default\" data-id=\"2cc230f\" data-element_type=\"section\">\n\t\t\t\t\t\t<div class=\"elementor-container elementor-column-gap-default\">\n\t\t\t\t\t<div class=\"elementor-column elementor-col-100 elementor-inner-column elementor-element elementor-element-e53af07\" data-id=\"e53af07\" data-element_type=\"column\">\n\t\t\t<div class=\"elementor-widget-wrap elementor-element-populated\">\n\t\t\t\t\t\t<div class=\"elementor-element elementor-element-d95d9e2 elementor-widget elementor-widget-heading\" data-id=\"d95d9e2\" data-element_type=\"widget\" data-widget_type=\"heading.default\">\n\t\t\t\t<div class=\"elementor-widget-container\">\n\t\t\t\t\t<h2 class=\"elementor-heading-title elementor-size-default\">CON YES CONNECT encontrar\u00e1s DE INMEDIATO<br>EL SOCIO ADECUADO PARA TRABAJAR<\/h2>\t\t\t\t<\/div>\n\t\t\t\t<\/div>\n\t\t\t\t<div class=\"elementor-element elementor-element-834c637 elementor-widget elementor-widget-text-editor\" data-id=\"834c637\" data-element_type=\"widget\" data-widget_type=\"text-editor.default\">\n\t\t\t\t<div class=\"elementor-widget-container\">\n\t\t\t\t\t\t\t\t\t<h4><span style=\"color: #ffffff; font-family: Blinker, sans-serif; white-space: pre-wrap;\">Yes Connect es la plataforma tecnol\u00f3gica dise\u00f1ada y desarrollada por nuestro equipo de expertos que, gracias a un algoritmo de Inteligencia Artificial, te permite conectarte con m\u00e1s de 400 millones de empresas en todo el mundo y encontrar socios alineados con tus necesidades.<br \/> Gracias a la tecnolog\u00eda actualizada y al equipo de expertos, que trabajan constantemente para mejorar e implementar la plataforma, se garantiza un proceso r\u00e1pido y seguro con resultados \u00f3ptimos.<\/span><\/h4>\n\t\t\t\t\t\t\t\t<\/div>\n\t\t\t\t<\/div>\n\t\t\t\t<div class=\"elementor-element elementor-element-17eba89 elementor-widget elementor-widget-heading\" data-id=\"17eba89\" data-element_type=\"widget\" data-widget_type=\"heading.default\">\n\t\t\t\t<div class=\"elementor-widget-container\">\n\t\t\t\t\t<h2 class=\"elementor-heading-title elementor-size-default\">DATOS, INFORMACI\u00d3N Y METODOLOG\u00cdAS<br><br><\/h2>\t\t\t\t<\/div>\n\t\t\t\t<\/div>\n\t\t\t\t<div class=\"elementor-element elementor-element-5396f38 elementor-widget elementor-widget-text-editor\" data-id=\"5396f38\" data-element_type=\"widget\" data-widget_type=\"text-editor.default\">\n\t\t\t\t<div class=\"elementor-widget-container\">\n\t\t\t\t\t\t\t\t\t<h4><span style=\"color: #ffffff; font-family: Blinker, sans-serif; white-space: pre-wrap;\">Nuestros datos provienen \u00fanicamente de fuentes p\u00fablicas y fiables. Nuestra tecnolog\u00eda, basada en el an\u00e1lisis de big data mediante Inteligencia Artificial, incluye informaci\u00f3n sobre los mercados globales, datos macroecon\u00f3micos y datos generales sobre empresas, derivados de m\u00faltiples fuentes oficiales. Actualmente, nuestra base de datos contiene m\u00e1s de 400 millones de empresas en 196 pa\u00edses y se actualiza constantemente para ofrecer informaci\u00f3n siempre precisa y eficiente.<\/span><\/h4>\t\t\t\t\t\t\t\t<\/div>\n\t\t\t\t<\/div>\n\t\t\t\t<div class=\"elementor-element elementor-element-720ee26 elementor-widget elementor-widget-heading\" data-id=\"720ee26\" data-element_type=\"widget\" data-widget_type=\"heading.default\">\n\t\t\t\t<div class=\"elementor-widget-container\">\n\t\t\t\t\t<h2 class=\"elementor-heading-title elementor-size-default\">NUESTRA MISI\u00d3N<\/h2>\t\t\t\t<\/div>\n\t\t\t\t<\/div>\n\t\t\t\t<div class=\"elementor-element elementor-element-69e2789 elementor-widget elementor-widget-text-editor\" data-id=\"69e2789\" data-element_type=\"widget\" data-widget_type=\"text-editor.default\">\n\t\t\t\t<div class=\"elementor-widget-container\">\n\t\t\t\t\t\t\t\t\t<h4><span style=\"color: #ffffff; font-family: Blinker, sans-serif; white-space: pre-wrap;\">Hemos desarrollado el proyecto Yes Connect con el objetivo de proporcionar una herramienta pr\u00e1ctica, inteligente y funcional que optimice el trabajo de planificaci\u00f3n e investigaci\u00f3n en las actividades de internacionalizaci\u00f3n de las empresas. El servicio ofrecido no pretende reemplazar las actividades de los profesionales dedicados a la exportaci\u00f3n, sino m\u00e1s bien facilitar y mejorar la calidad de las decisiones, ya sean tomadas por consultores externos o por el equipo de gesti\u00f3n interna de la empresa.<\/span><\/h4>\n\t\t\t\t\t\t\t\t<\/div>\n\t\t\t\t<\/div>\n\t\t\t\t<div class=\"elementor-element elementor-element-6604fef elementor-widget elementor-widget-heading\" data-id=\"6604fef\" data-element_type=\"widget\" data-widget_type=\"heading.default\">\n\t\t\t\t<div class=\"elementor-widget-container\">\n\t\t\t\t\t<h2 class=\"elementor-heading-title elementor-size-default\">NUESTROS SOCIOS<\/h2>\t\t\t\t<\/div>\n\t\t\t\t<\/div>\n\t\t\t\t<div class=\"elementor-element elementor-element-3893ae6 elementor-widget elementor-widget-text-editor\" data-id=\"3893ae6\" data-element_type=\"widget\" data-widget_type=\"text-editor.default\">\n\t\t\t\t<div class=\"elementor-widget-container\">\n\t\t\t\t\t\t\t\t\t<h4><span style=\"color: #ffffff; font-family: Blinker, sans-serif; white-space: pre-wrap;\">Nuestra amplia experiencia nos ha permitido consolidar la calidad y fiabilidad de nuestros servicios relacionados con la b\u00fasqueda de compradores, distribuidores, importadores y proveedores. Esta calidad es hoy reconocida por importantes alianzas estrat\u00e9gicas como por ejemplo:<\/span><\/h4>\n<h4><span style=\"color: #ffffff; font-family: Blinker, sans-serif; white-space: pre-wrap;\">&#8211; SACE: proyectos de internacionalizaci\u00f3n<br>&#8211; Ministerio de Asuntos Exteriores (MAECI): proyectos TEM<br>&#8211; Ministerio de Desarrollo Econ\u00f3mico (MISE): empresa innovation manager<\/span><\/h4>\t\t\t\t\t\t\t\t<\/div>\n\t\t\t\t<\/div>\n\t\t\t\t\t<\/div>\n\t\t<\/div>\n\t\t\t\t\t<\/div>\n\t\t<\/section>\n\t\t\t\t\t<\/div>\n\t\t<\/div>\n\t\t\t\t\t<\/div>\n\t\t<\/section>\n\t\t\t\t<section data-particle_enable=\"false\" data-particle-mobile-disabled=\"false\" class=\"elementor-section elementor-top-section elementor-element elementor-element-f85eab0 elementor-section-boxed elementor-section-height-default elementor-section-height-default\" data-id=\"f85eab0\" data-element_type=\"section\">\n\t\t\t\t\t\t<div class=\"elementor-container elementor-column-gap-default\">\n\t\t\t\t\t<div class=\"elementor-column elementor-col-100 elementor-top-column elementor-element elementor-element-25029b3\" data-id=\"25029b3\" data-element_type=\"column\">\n\t\t\t<div class=\"elementor-widget-wrap elementor-element-populated\">\n\t\t\t\t\t\t<div class=\"elementor-element elementor-element-2165fff elementor-widget elementor-widget-image\" data-id=\"2165fff\" data-element_type=\"widget\" data-widget_type=\"image.default\">\n\t\t\t\t<div class=\"elementor-widget-container\">\n\t\t\t\t\t\t\t\t\t\t\t\t\t\t\t<img decoding=\"async\" src=\"https:\/\/yesconnect.it\/wp-content\/uploads\/elementor\/thumbs\/belgium-antwerp-shipping-container-163726-r0puhlerhpmxo8fdayygjn4pbbwscjlvwbvre4e3xs.jpg\" title=\"belgium-antwerp-shipping-container-163726\" alt=\"belgium-antwerp-shipping-container-163726\" loading=\"lazy\" \/>\t\t\t\t\t\t\t\t\t\t\t\t\t\t\t<\/div>\n\t\t\t\t<\/div>\n\t\t\t\t\t<\/div>\n\t\t<\/div>\n\t\t\t\t\t<\/div>\n\t\t<\/section>\n\t\t\t\t<\/div>\n\t\t","protected":false},"excerpt":{"rendered":"<p>Sobre Nosotros CON YES CONNECT encontrar\u00e1s DE INMEDIATOEL SOCIO ADECUADO PARA TRABAJAR Yes Connect es la plataforma tecnol\u00f3gica dise\u00f1ada y desarrollada por nuestro equipo de expertos que, gracias a un algoritmo de Inteligencia Artificial, te permite conectarte con m\u00e1s de 400 millones de empresas en todo el mundo y encontrar socios alineados con tus necesidades. [&hellip;]<\/p>\n","protected":false},"author":18,"featured_media":0,"parent":0,"menu_order":0,"comment_status":"closed","ping_status":"closed","template":"","meta":{"footnotes":""},"class_list":["post-2318","page","type-page","status-publish","hentry"],"yoast_head":"<!-- This site is optimized with the Yoast SEO plugin v26.1 - https:\/\/yoast.com\/wordpress\/plugins\/seo\/ -->\n<title>Sobre nosotros - Yes Connect<\/title>\n<meta name=\"robots\" content=\"index, follow, max-snippet:-1, max-image-preview:large, max-video-preview:-1\" \/>\n<link rel=\"canonical\" href=\"https:\/\/yesconnect.it\/es\/sobre-nosotros\/\" \/>\n<meta property=\"og:locale\" content=\"es_ES\" \/>\n<meta property=\"og:type\" content=\"article\" \/>\n<meta property=\"og:title\" content=\"Sobre nosotros - Yes Connect\" \/>\n<meta property=\"og:description\" content=\"Sobre Nosotros CON YES CONNECT encontrar\u00e1s DE INMEDIATOEL SOCIO ADECUADO PARA TRABAJAR Yes Connect es la plataforma tecnol\u00f3gica dise\u00f1ada y desarrollada por nuestro equipo de expertos que, gracias a un algoritmo de Inteligencia Artificial, te permite conectarte con m\u00e1s de 400 millones de empresas en todo el mundo y encontrar socios alineados con tus necesidades. [&hellip;]\" \/>\n<meta property=\"og:url\" content=\"https:\/\/yesconnect.it\/es\/sobre-nosotros\/\" \/>\n<meta property=\"og:site_name\" content=\"Yes Connect\" \/>\n<meta property=\"article:modified_time\" content=\"2025-01-29T11:28:43+00:00\" \/>\n<meta property=\"og:image\" content=\"https:\/\/yesconnect.it\/wp-content\/uploads\/elementor\/thumbs\/belgium-antwerp-shipping-container-163726-r0puhlerhpmxo8fdayygjn4pbbwscjlvwbvre4e3xs.jpg\" \/>\n<meta name=\"twitter:card\" content=\"summary_large_image\" \/>\n<meta name=\"twitter:label1\" content=\"Tiempo de lectura\" \/>\n\t<meta name=\"twitter:data1\" content=\"2 minutos\" \/>\n<script type=\"application\/ld+json\" class=\"yoast-schema-graph\">{\"@context\":\"https:\/\/schema.org\",\"@graph\":[{\"@type\":\"WebPage\",\"@id\":\"https:\/\/yesconnect.it\/es\/sobre-nosotros\/\",\"url\":\"https:\/\/yesconnect.it\/es\/sobre-nosotros\/\",\"name\":\"Sobre nosotros - Yes Connect\",\"isPartOf\":{\"@id\":\"https:\/\/yesconnect.it\/es\/#website\"},\"primaryImageOfPage\":{\"@id\":\"https:\/\/yesconnect.it\/es\/sobre-nosotros\/#primaryimage\"},\"image\":{\"@id\":\"https:\/\/yesconnect.it\/es\/sobre-nosotros\/#primaryimage\"},\"thumbnailUrl\":\"https:\/\/yesconnect.it\/wp-content\/uploads\/elementor\/thumbs\/belgium-antwerp-shipping-container-163726-r0puhlerhpmxo8fdayygjn4pbbwscjlvwbvre4e3xs.jpg\",\"datePublished\":\"2023-04-27T14:39:07+00:00\",\"dateModified\":\"2025-01-29T11:28:43+00:00\",\"breadcrumb\":{\"@id\":\"https:\/\/yesconnect.it\/es\/sobre-nosotros\/#breadcrumb\"},\"inLanguage\":\"es\",\"potentialAction\":[{\"@type\":\"ReadAction\",\"target\":[\"https:\/\/yesconnect.it\/es\/sobre-nosotros\/\"]}]},{\"@type\":\"ImageObject\",\"inLanguage\":\"es\",\"@id\":\"https:\/\/yesconnect.it\/es\/sobre-nosotros\/#primaryimage\",\"url\":\"https:\/\/yesconnect.it\/wp-content\/uploads\/elementor\/thumbs\/belgium-antwerp-shipping-container-163726-r0puhlerhpmxo8fdayygjn4pbbwscjlvwbvre4e3xs.jpg\",\"contentUrl\":\"https:\/\/yesconnect.it\/wp-content\/uploads\/elementor\/thumbs\/belgium-antwerp-shipping-container-163726-r0puhlerhpmxo8fdayygjn4pbbwscjlvwbvre4e3xs.jpg\"},{\"@type\":\"BreadcrumbList\",\"@id\":\"https:\/\/yesconnect.it\/es\/sobre-nosotros\/#breadcrumb\",\"itemListElement\":[{\"@type\":\"ListItem\",\"position\":1,\"name\":\"Home\",\"item\":\"https:\/\/yesconnect.it\/es\/inicio\/\"},{\"@type\":\"ListItem\",\"position\":2,\"name\":\"Sobre nosotros\"}]},{\"@type\":\"WebSite\",\"@id\":\"https:\/\/yesconnect.it\/es\/#website\",\"url\":\"https:\/\/yesconnect.it\/es\/\",\"name\":\"Yes Connect\",\"description\":\"Il tuo successo a portata di click\",\"publisher\":{\"@id\":\"https:\/\/yesconnect.it\/es\/#organization\"},\"potentialAction\":[{\"@type\":\"SearchAction\",\"target\":{\"@type\":\"EntryPoint\",\"urlTemplate\":\"https:\/\/yesconnect.it\/es\/?s={search_term_string}\"},\"query-input\":{\"@type\":\"PropertyValueSpecification\",\"valueRequired\":true,\"valueName\":\"search_term_string\"}}],\"inLanguage\":\"es\"},{\"@type\":\"Organization\",\"@id\":\"https:\/\/yesconnect.it\/es\/#organization\",\"name\":\"Yes Connect\",\"url\":\"https:\/\/yesconnect.it\/es\/\",\"logo\":{\"@type\":\"ImageObject\",\"inLanguage\":\"es\",\"@id\":\"https:\/\/yesconnect.it\/es\/#\/schema\/logo\/image\/\",\"url\":\"https:\/\/yesconnect.it\/wp-content\/uploads\/2022\/06\/logo-yes-arancio.png\",\"contentUrl\":\"https:\/\/yesconnect.it\/wp-content\/uploads\/2022\/06\/logo-yes-arancio.png\",\"width\":1000,\"height\":183,\"caption\":\"Yes Connect\"},\"image\":{\"@id\":\"https:\/\/yesconnect.it\/es\/#\/schema\/logo\/image\/\"}}]}<\/script>\n<!-- \/ Yoast SEO plugin. -->","yoast_head_json":{"title":"Sobre nosotros - Yes Connect","robots":{"index":"index","follow":"follow","max-snippet":"max-snippet:-1","max-image-preview":"max-image-preview:large","max-video-preview":"max-video-preview:-1"},"canonical":"https:\/\/yesconnect.it\/es\/sobre-nosotros\/","og_locale":"es_ES","og_type":"article","og_title":"Sobre nosotros - Yes Connect","og_description":"Sobre Nosotros CON YES CONNECT encontrar\u00e1s DE INMEDIATOEL SOCIO ADECUADO PARA TRABAJAR Yes Connect es la plataforma tecnol\u00f3gica dise\u00f1ada y desarrollada por nuestro equipo de expertos que, gracias a un algoritmo de Inteligencia Artificial, te permite conectarte con m\u00e1s de 400 millones de empresas en todo el mundo y encontrar socios alineados con tus necesidades. [&hellip;]","og_url":"https:\/\/yesconnect.it\/es\/sobre-nosotros\/","og_site_name":"Yes Connect","article_modified_time":"2025-01-29T11:28:43+00:00","og_image":[{"url":"https:\/\/yesconnect.it\/wp-content\/uploads\/elementor\/thumbs\/belgium-antwerp-shipping-container-163726-r0puhlerhpmxo8fdayygjn4pbbwscjlvwbvre4e3xs.jpg","type":"","width":"","height":""}],"twitter_card":"summary_large_image","twitter_misc":{"Tiempo de lectura":"2 minutos"},"schema":{"@context":"https:\/\/schema.org","@graph":[{"@type":"WebPage","@id":"https:\/\/yesconnect.it\/es\/sobre-nosotros\/","url":"https:\/\/yesconnect.it\/es\/sobre-nosotros\/","name":"Sobre nosotros - Yes Connect","isPartOf":{"@id":"https:\/\/yesconnect.it\/es\/#website"},"primaryImageOfPage":{"@id":"https:\/\/yesconnect.it\/es\/sobre-nosotros\/#primaryimage"},"image":{"@id":"https:\/\/yesconnect.it\/es\/sobre-nosotros\/#primaryimage"},"thumbnailUrl":"https:\/\/yesconnect.it\/wp-content\/uploads\/elementor\/thumbs\/belgium-antwerp-shipping-container-163726-r0puhlerhpmxo8fdayygjn4pbbwscjlvwbvre4e3xs.jpg","datePublished":"2023-04-27T14:39:07+00:00","dateModified":"2025-01-29T11:28:43+00:00","breadcrumb":{"@id":"https:\/\/yesconnect.it\/es\/sobre-nosotros\/#breadcrumb"},"inLanguage":"es","potentialAction":[{"@type":"ReadAction","target":["https:\/\/yesconnect.it\/es\/sobre-nosotros\/"]}]},{"@type":"ImageObject","inLanguage":"es","@id":"https:\/\/yesconnect.it\/es\/sobre-nosotros\/#primaryimage","url":"https:\/\/yesconnect.it\/wp-content\/uploads\/elementor\/thumbs\/belgium-antwerp-shipping-container-163726-r0puhlerhpmxo8fdayygjn4pbbwscjlvwbvre4e3xs.jpg","contentUrl":"https:\/\/yesconnect.it\/wp-content\/uploads\/elementor\/thumbs\/belgium-antwerp-shipping-container-163726-r0puhlerhpmxo8fdayygjn4pbbwscjlvwbvre4e3xs.jpg"},{"@type":"BreadcrumbList","@id":"https:\/\/yesconnect.it\/es\/sobre-nosotros\/#breadcrumb","itemListElement":[{"@type":"ListItem","position":1,"name":"Home","item":"https:\/\/yesconnect.it\/es\/inicio\/"},{"@type":"ListItem","position":2,"name":"Sobre nosotros"}]},{"@type":"WebSite","@id":"https:\/\/yesconnect.it\/es\/#website","url":"https:\/\/yesconnect.it\/es\/","name":"Yes Connect","description":"Il tuo successo a portata di click","publisher":{"@id":"https:\/\/yesconnect.it\/es\/#organization"},"potentialAction":[{"@type":"SearchAction","target":{"@type":"EntryPoint","urlTemplate":"https:\/\/yesconnect.it\/es\/?s={search_term_string}"},"query-input":{"@type":"PropertyValueSpecification","valueRequired":true,"valueName":"search_term_string"}}],"inLanguage":"es"},{"@type":"Organization","@id":"https:\/\/yesconnect.it\/es\/#organization","name":"Yes Connect","url":"https:\/\/yesconnect.it\/es\/","logo":{"@type":"ImageObject","inLanguage":"es","@id":"https:\/\/yesconnect.it\/es\/#\/schema\/logo\/image\/","url":"https:\/\/yesconnect.it\/wp-content\/uploads\/2022\/06\/logo-yes-arancio.png","contentUrl":"https:\/\/yesconnect.it\/wp-content\/uploads\/2022\/06\/logo-yes-arancio.png","width":1000,"height":183,"caption":"Yes Connect"},"image":{"@id":"https:\/\/yesconnect.it\/es\/#\/schema\/logo\/image\/"}}]}},"_links":{"self":[{"href":"https:\/\/yesconnect.it\/es\/wp-json\/wp\/v2\/pages\/2318","targetHints":{"allow":["GET"]}}],"collection":[{"href":"https:\/\/yesconnect.it\/es\/wp-json\/wp\/v2\/pages"}],"about":[{"href":"https:\/\/yesconnect.it\/es\/wp-json\/wp\/v2\/types\/page"}],"author":[{"embeddable":true,"href":"https:\/\/yesconnect.it\/es\/wp-json\/wp\/v2\/users\/18"}],"replies":[{"embeddable":true,"href":"https:\/\/yesconnect.it\/es\/wp-json\/wp\/v2\/comments?post=2318"}],"version-history":[{"count":12,"href":"https:\/\/yesconnect.it\/es\/wp-json\/wp\/v2\/pages\/2318\/revisions"}],"predecessor-version":[{"id":2493,"href":"https:\/\/yesconnect.it\/es\/wp-json\/wp\/v2\/pages\/2318\/revisions\/2493"}],"wp:attachment":[{"href":"https:\/\/yesconnect.it\/es\/wp-json\/wp\/v2\/media?parent=2318"}],"curies":[{"name":"wp","href":"https:\/\/api.w.org\/{rel}","templated":true}]}}