{"id":2322,"date":"2023-04-12T09:30:19","date_gmt":"2023-04-12T07:30:19","guid":{"rendered":"https:\/\/yesconnect.it\/planes-de-suscripcion\/"},"modified":"2025-01-30T17:04:03","modified_gmt":"2025-01-30T16:04:03","slug":"planes-de-suscripcion","status":"publish","type":"page","link":"https:\/\/yesconnect.it\/es\/planes-de-suscripcion\/","title":{"rendered":"Planes de suscripci\u00f3n"},"content":{"rendered":"\t\t<div data-elementor-type=\"wp-page\" data-elementor-id=\"2322\" class=\"elementor elementor-2322 elementor-1353\" data-elementor-post-type=\"page\">\n\t\t\t\t\t\t<section data-particle_enable=\"false\" data-particle-mobile-disabled=\"false\" class=\"elementor-section elementor-top-section elementor-element elementor-element-d23b1fb elementor-section-boxed elementor-section-height-default elementor-section-height-default\" data-id=\"d23b1fb\" data-element_type=\"section\">\n\t\t\t\t\t\t<div class=\"elementor-container elementor-column-gap-default\">\n\t\t\t\t\t<div class=\"elementor-column elementor-col-100 elementor-top-column elementor-element elementor-element-f916455\" data-id=\"f916455\" data-element_type=\"column\">\n\t\t\t<div class=\"elementor-widget-wrap elementor-element-populated\">\n\t\t\t\t\t\t<div class=\"elementor-element elementor-element-cbbe123 elementor-headline--style-highlight elementor-widget elementor-widget-animated-headline\" data-id=\"cbbe123\" data-element_type=\"widget\" data-settings=\"{&quot;marker&quot;:&quot;double&quot;,&quot;highlighted_text&quot;:&quot;Planes de suscripci\\u00f3n&quot;,&quot;headline_style&quot;:&quot;highlight&quot;,&quot;loop&quot;:&quot;yes&quot;,&quot;highlight_animation_duration&quot;:1200,&quot;highlight_iteration_delay&quot;:8000}\" data-widget_type=\"animated-headline.default\">\n\t\t\t\t<div class=\"elementor-widget-container\">\n\t\t\t\t\t\t\t<h2 class=\"elementor-headline\">\n\t\t\t\t<span class=\"elementor-headline-dynamic-wrapper elementor-headline-text-wrapper\">\n\t\t\t\t\t<span class=\"elementor-headline-dynamic-text elementor-headline-text-active\">Planes de suscripci\u00f3n<\/span>\n\t\t\t\t<\/span>\n\t\t\t\t<\/h2>\n\t\t\t\t\t\t<\/div>\n\t\t\t\t<\/div>\n\t\t\t\t<div class=\"elementor-element elementor-element-8e56cd7 elementor-widget elementor-widget-eael-advanced-data-table\" data-id=\"8e56cd7\" data-element_type=\"widget\" data-widget_type=\"eael-advanced-data-table.default\">\n\t\t\t\t<div class=\"elementor-widget-container\">\n\t\t\t\t\t<div class=\"ea-advanced-data-table-wrap\" data-id=\"8e56cd7\"><div class=\"ea-advanced-data-table-wrap-inner\">\n                <table class=\"ea-advanced-data-table ea-advanced-data-table-static ea-advanced-data-table-8e56cd7\" data-id=\"8e56cd7\"><thead><tr><th style=\"width: 298px\"><p><br><\/p><\/th><th style=\"width: 226px\"><h3 class=\"ql-align-center\">B\u00fasqueda \u00fanica<\/h3><\/th><th style=\"width: 196px\"><h3 class=\"ql-align-center\">Cuaderno de 10 b\u00fasquedas<\/h3><p><br><\/p><\/th><th style=\"width: 171px\"><h3 class=\"ql-align-center\">Suscripci\u00f3n semestral<\/h3><\/th><th style=\"width: 48px\"><h3 class=\"ql-align-center\">Suscripci\u00f3n anual<\/h3><p><br><\/p><\/th><\/tr><\/thead><tbody><tr><td><p><span>Asistencia en la investigaci\u00f3n y planificaci\u00f3n con el Digital Export Manager<\/span><\/p><\/td><td><p><strong>S\u00cd<\/strong><\/p><\/td><td><p><strong>S\u00cd<\/strong><\/p><\/td><td><p><strong>S\u00cd<\/strong><\/p><\/td><td><p><strong>S\u00cd<\/strong><\/p><\/td><\/tr><tr><td><p><span>N\u00famero ilimitado de b\u00fasquedas<\/span><\/p><\/td><td><p>no<\/p><\/td><td><p>no<\/p><\/td><td><p><strong>S\u00cd<\/strong><\/p><\/td><td><p><strong>S\u00cd<\/strong><\/p><\/td><\/tr><tr><td><p><span>Acceso ilimitado a la zona<\/span><\/p><\/td><td><p>no<\/p><\/td><td><p><strong>S\u00cd<\/strong><\/p><\/td><td><p><strong>S\u00cd<\/strong><\/p><\/td><td><p><strong>S\u00cd<\/strong><\/p><\/td><\/tr><tr><td><p><span>Asistencia y apoyo dedicados con el Business Analyst<\/span><\/p><\/td><td><p>no<\/p><\/td><td><p>no<\/p><\/td><td><p><strong>S\u00cd<\/strong><\/p><\/td><td><p><strong>S\u00cd<\/strong><\/p><\/td><\/tr><tr><td><p><span>Cuenta m\u00faltiple<\/span><\/p><\/td><td><p>no<\/p><\/td><td><p>no<\/p><\/td><td><p>no<\/p><\/td><td><p><strong>S\u00cd<\/strong><\/p><\/td><\/tr><\/tbody><\/table>\n            <\/div><\/div>\t\t\t\t<\/div>\n\t\t\t\t<\/div>\n\t\t\t\t<div class=\"elementor-element elementor-element-a6288e4 elementor-widget elementor-widget-heading\" data-id=\"a6288e4\" data-element_type=\"widget\" data-widget_type=\"heading.default\">\n\t\t\t\t<div class=\"elementor-widget-container\">\n\t\t\t\t\t<span class=\"elementor-heading-title elementor-size-default\">*limitado a 2 Macro \u00c1reas a elegir entre Europa \/ Am\u00e9rica \/ Oriente Medio \/ Asia<\/span>\t\t\t\t<\/div>\n\t\t\t\t<\/div>\n\t\t\t\t<div class=\"elementor-element elementor-element-1aa74dd elementor-tablet-align-center elementor-align-center elementor-invisible elementor-widget elementor-widget-button\" data-id=\"1aa74dd\" data-element_type=\"widget\" data-settings=\"{&quot;_animation&quot;:&quot;fadeInUp&quot;,&quot;_animation_delay&quot;:1200}\" data-widget_type=\"button.default\">\n\t\t\t\t<div class=\"elementor-widget-container\">\n\t\t\t\t\t\t\t\t\t<div class=\"elementor-button-wrapper\">\n\t\t\t\t\t<a class=\"elementor-button elementor-button-link elementor-size-sm elementor-animation-shrink\" href=\"https:\/\/yesconnect.it\/es\/#contattaci\">\n\t\t\t\t\t\t<span class=\"elementor-button-content-wrapper\">\n\t\t\t\t\t\t\t\t\t<span class=\"elementor-button-text\">SABER M\u00c1S<\/span>\n\t\t\t\t\t<\/span>\n\t\t\t\t\t<\/a>\n\t\t\t\t<\/div>\n\t\t\t\t\t\t\t\t<\/div>\n\t\t\t\t<\/div>\n\t\t\t\t\t<\/div>\n\t\t<\/div>\n\t\t\t\t\t<\/div>\n\t\t<\/section>\n\t\t\t\t<section data-particle_enable=\"false\" data-particle-mobile-disabled=\"false\" class=\"elementor-section elementor-top-section elementor-element elementor-element-f9dec49 elementor-section-boxed elementor-section-height-default elementor-section-height-default\" data-id=\"f9dec49\" data-element_type=\"section\" id=\"contattaci\">\n\t\t\t\t\t\t<div class=\"elementor-container elementor-column-gap-default\">\n\t\t\t\t\t<div class=\"elementor-column elementor-col-100 elementor-top-column elementor-element elementor-element-522202e\" data-id=\"522202e\" data-element_type=\"column\">\n\t\t\t<div class=\"elementor-widget-wrap\">\n\t\t\t\t\t\t\t<\/div>\n\t\t<\/div>\n\t\t\t\t\t<\/div>\n\t\t<\/section>\n\t\t\t\t<\/div>\n\t\t","protected":false},"excerpt":{"rendered":"<p>Planes de suscripci\u00f3n B\u00fasqueda \u00fanica Cuaderno de 10 b\u00fasquedas Suscripci\u00f3n semestral Suscripci\u00f3n anual Asistencia en la investigaci\u00f3n y planificaci\u00f3n con el Digital Export Manager S\u00cd S\u00cd S\u00cd S\u00cd N\u00famero ilimitado de b\u00fasquedas no no S\u00cd S\u00cd Acceso ilimitado a la zona no S\u00cd S\u00cd S\u00cd Asistencia y apoyo dedicados con el Business Analyst no no [&hellip;]<\/p>\n","protected":false},"author":18,"featured_media":0,"parent":0,"menu_order":0,"comment_status":"closed","ping_status":"closed","template":"","meta":{"footnotes":""},"class_list":["post-2322","page","type-page","status-publish","hentry"],"yoast_head":"<!-- This site is optimized with the Yoast SEO plugin v26.1 - https:\/\/yoast.com\/wordpress\/plugins\/seo\/ -->\n<title>Planes de suscripci\u00f3n - Yes Connect<\/title>\n<meta name=\"robots\" content=\"index, follow, max-snippet:-1, max-image-preview:large, max-video-preview:-1\" \/>\n<link rel=\"canonical\" href=\"https:\/\/yesconnect.it\/es\/planes-de-suscripcion\/\" \/>\n<meta property=\"og:locale\" content=\"es_ES\" \/>\n<meta property=\"og:type\" content=\"article\" \/>\n<meta property=\"og:title\" content=\"Planes de suscripci\u00f3n - Yes Connect\" \/>\n<meta property=\"og:description\" content=\"Planes de suscripci\u00f3n B\u00fasqueda \u00fanica Cuaderno de 10 b\u00fasquedas Suscripci\u00f3n semestral Suscripci\u00f3n anual Asistencia en la investigaci\u00f3n y planificaci\u00f3n con el Digital Export Manager S\u00cd S\u00cd S\u00cd S\u00cd N\u00famero ilimitado de b\u00fasquedas no no S\u00cd S\u00cd Acceso ilimitado a la zona no S\u00cd S\u00cd S\u00cd Asistencia y apoyo dedicados con el Business Analyst no no [&hellip;]\" \/>\n<meta property=\"og:url\" content=\"https:\/\/yesconnect.it\/es\/planes-de-suscripcion\/\" \/>\n<meta property=\"og:site_name\" content=\"Yes Connect\" \/>\n<meta property=\"article:modified_time\" content=\"2025-01-30T16:04:03+00:00\" \/>\n<meta name=\"twitter:card\" content=\"summary_large_image\" \/>\n<meta name=\"twitter:label1\" content=\"Tiempo de lectura\" \/>\n\t<meta name=\"twitter:data1\" content=\"1 minuto\" \/>\n<script type=\"application\/ld+json\" class=\"yoast-schema-graph\">{\"@context\":\"https:\/\/schema.org\",\"@graph\":[{\"@type\":\"WebPage\",\"@id\":\"https:\/\/yesconnect.it\/es\/planes-de-suscripcion\/\",\"url\":\"https:\/\/yesconnect.it\/es\/planes-de-suscripcion\/\",\"name\":\"Planes de suscripci\u00f3n - Yes Connect\",\"isPartOf\":{\"@id\":\"https:\/\/yesconnect.it\/es\/#website\"},\"datePublished\":\"2023-04-12T07:30:19+00:00\",\"dateModified\":\"2025-01-30T16:04:03+00:00\",\"breadcrumb\":{\"@id\":\"https:\/\/yesconnect.it\/es\/planes-de-suscripcion\/#breadcrumb\"},\"inLanguage\":\"es\",\"potentialAction\":[{\"@type\":\"ReadAction\",\"target\":[\"https:\/\/yesconnect.it\/es\/planes-de-suscripcion\/\"]}]},{\"@type\":\"BreadcrumbList\",\"@id\":\"https:\/\/yesconnect.it\/es\/planes-de-suscripcion\/#breadcrumb\",\"itemListElement\":[{\"@type\":\"ListItem\",\"position\":1,\"name\":\"Home\",\"item\":\"https:\/\/yesconnect.it\/es\/inicio\/\"},{\"@type\":\"ListItem\",\"position\":2,\"name\":\"Planes de suscripci\u00f3n\"}]},{\"@type\":\"WebSite\",\"@id\":\"https:\/\/yesconnect.it\/es\/#website\",\"url\":\"https:\/\/yesconnect.it\/es\/\",\"name\":\"Yes Connect\",\"description\":\"Il tuo successo a portata di click\",\"publisher\":{\"@id\":\"https:\/\/yesconnect.it\/es\/#organization\"},\"potentialAction\":[{\"@type\":\"SearchAction\",\"target\":{\"@type\":\"EntryPoint\",\"urlTemplate\":\"https:\/\/yesconnect.it\/es\/?s={search_term_string}\"},\"query-input\":{\"@type\":\"PropertyValueSpecification\",\"valueRequired\":true,\"valueName\":\"search_term_string\"}}],\"inLanguage\":\"es\"},{\"@type\":\"Organization\",\"@id\":\"https:\/\/yesconnect.it\/es\/#organization\",\"name\":\"Yes Connect\",\"url\":\"https:\/\/yesconnect.it\/es\/\",\"logo\":{\"@type\":\"ImageObject\",\"inLanguage\":\"es\",\"@id\":\"https:\/\/yesconnect.it\/es\/#\/schema\/logo\/image\/\",\"url\":\"https:\/\/yesconnect.it\/wp-content\/uploads\/2022\/06\/logo-yes-arancio.png\",\"contentUrl\":\"https:\/\/yesconnect.it\/wp-content\/uploads\/2022\/06\/logo-yes-arancio.png\",\"width\":1000,\"height\":183,\"caption\":\"Yes Connect\"},\"image\":{\"@id\":\"https:\/\/yesconnect.it\/es\/#\/schema\/logo\/image\/\"}}]}<\/script>\n<!-- \/ Yoast SEO plugin. -->","yoast_head_json":{"title":"Planes de suscripci\u00f3n - Yes Connect","robots":{"index":"index","follow":"follow","max-snippet":"max-snippet:-1","max-image-preview":"max-image-preview:large","max-video-preview":"max-video-preview:-1"},"canonical":"https:\/\/yesconnect.it\/es\/planes-de-suscripcion\/","og_locale":"es_ES","og_type":"article","og_title":"Planes de suscripci\u00f3n - Yes Connect","og_description":"Planes de suscripci\u00f3n B\u00fasqueda \u00fanica Cuaderno de 10 b\u00fasquedas Suscripci\u00f3n semestral Suscripci\u00f3n anual Asistencia en la investigaci\u00f3n y planificaci\u00f3n con el Digital Export Manager S\u00cd S\u00cd S\u00cd S\u00cd N\u00famero ilimitado de b\u00fasquedas no no S\u00cd S\u00cd Acceso ilimitado a la zona no S\u00cd S\u00cd S\u00cd Asistencia y apoyo dedicados con el Business Analyst no no [&hellip;]","og_url":"https:\/\/yesconnect.it\/es\/planes-de-suscripcion\/","og_site_name":"Yes Connect","article_modified_time":"2025-01-30T16:04:03+00:00","twitter_card":"summary_large_image","twitter_misc":{"Tiempo de lectura":"1 minuto"},"schema":{"@context":"https:\/\/schema.org","@graph":[{"@type":"WebPage","@id":"https:\/\/yesconnect.it\/es\/planes-de-suscripcion\/","url":"https:\/\/yesconnect.it\/es\/planes-de-suscripcion\/","name":"Planes de suscripci\u00f3n - Yes Connect","isPartOf":{"@id":"https:\/\/yesconnect.it\/es\/#website"},"datePublished":"2023-04-12T07:30:19+00:00","dateModified":"2025-01-30T16:04:03+00:00","breadcrumb":{"@id":"https:\/\/yesconnect.it\/es\/planes-de-suscripcion\/#breadcrumb"},"inLanguage":"es","potentialAction":[{"@type":"ReadAction","target":["https:\/\/yesconnect.it\/es\/planes-de-suscripcion\/"]}]},{"@type":"BreadcrumbList","@id":"https:\/\/yesconnect.it\/es\/planes-de-suscripcion\/#breadcrumb","itemListElement":[{"@type":"ListItem","position":1,"name":"Home","item":"https:\/\/yesconnect.it\/es\/inicio\/"},{"@type":"ListItem","position":2,"name":"Planes de suscripci\u00f3n"}]},{"@type":"WebSite","@id":"https:\/\/yesconnect.it\/es\/#website","url":"https:\/\/yesconnect.it\/es\/","name":"Yes Connect","description":"Il tuo successo a portata di click","publisher":{"@id":"https:\/\/yesconnect.it\/es\/#organization"},"potentialAction":[{"@type":"SearchAction","target":{"@type":"EntryPoint","urlTemplate":"https:\/\/yesconnect.it\/es\/?s={search_term_string}"},"query-input":{"@type":"PropertyValueSpecification","valueRequired":true,"valueName":"search_term_string"}}],"inLanguage":"es"},{"@type":"Organization","@id":"https:\/\/yesconnect.it\/es\/#organization","name":"Yes Connect","url":"https:\/\/yesconnect.it\/es\/","logo":{"@type":"ImageObject","inLanguage":"es","@id":"https:\/\/yesconnect.it\/es\/#\/schema\/logo\/image\/","url":"https:\/\/yesconnect.it\/wp-content\/uploads\/2022\/06\/logo-yes-arancio.png","contentUrl":"https:\/\/yesconnect.it\/wp-content\/uploads\/2022\/06\/logo-yes-arancio.png","width":1000,"height":183,"caption":"Yes Connect"},"image":{"@id":"https:\/\/yesconnect.it\/es\/#\/schema\/logo\/image\/"}}]}},"_links":{"self":[{"href":"https:\/\/yesconnect.it\/es\/wp-json\/wp\/v2\/pages\/2322","targetHints":{"allow":["GET"]}}],"collection":[{"href":"https:\/\/yesconnect.it\/es\/wp-json\/wp\/v2\/pages"}],"about":[{"href":"https:\/\/yesconnect.it\/es\/wp-json\/wp\/v2\/types\/page"}],"author":[{"embeddable":true,"href":"https:\/\/yesconnect.it\/es\/wp-json\/wp\/v2\/users\/18"}],"replies":[{"embeddable":true,"href":"https:\/\/yesconnect.it\/es\/wp-json\/wp\/v2\/comments?post=2322"}],"version-history":[{"count":8,"href":"https:\/\/yesconnect.it\/es\/wp-json\/wp\/v2\/pages\/2322\/revisions"}],"predecessor-version":[{"id":2599,"href":"https:\/\/yesconnect.it\/es\/wp-json\/wp\/v2\/pages\/2322\/revisions\/2599"}],"wp:attachment":[{"href":"https:\/\/yesconnect.it\/es\/wp-json\/wp\/v2\/media?parent=2322"}],"curies":[{"name":"wp","href":"https:\/\/api.w.org\/{rel}","templated":true}]}}